{"id":72,"date":"2024-05-30T07:59:07","date_gmt":"2024-05-30T07:59:07","guid":{"rendered":"https:\/\/agent.newestateonly.com\/?page_id=72"},"modified":"2024-06-03T19:01:16","modified_gmt":"2024-06-03T19:01:16","slug":"eng-agent-front-page-espanol","status":"publish","type":"page","link":"https:\/\/agent.newestateonly.com\/?page_id=72&lang=es","title":{"rendered":"ES &#8211; NEO para agentes"},"content":{"rendered":"<div  data-label=\"Descubre NEO\" data-id=\"content--1\" data-export-id=\"content-2\" data-category=\"content\" class=\"content-2 content-section content-section-spacing\" id=\"descubre-neo\" style=\"background-color: rgb(255, 255, 255);\"><div > <div  class=\"row middle-xs\"><div  class=\"col-sm-5 bg-image shadow-large-black\" data-bg=\"image\" style=\"background-image: url(&quot;https:\/\/agent.newestateonly.com\/wp-content\/uploads\/2024\/05\/cropped-NEO-realtor-searching-laptop-1920w.jpg&quot;);\"><\/div> <div  class=\"col-sm-7 full-col-left-padding full-col-right-padding\"> <div  class=\"row\"> <div  data-type=\"column\" class=\"space-bottom-small content-title-col\">  <h2  class=\"\">Descubre NEO \u2013 New Estate Only<\/h2> <h4  class=\"\">La mejor herramienta para que los agentes se conecten con promotores inmobiliarios de los EEUU y con inversionistas\/compradores de vivienda de todo el mundo.<\/h4><p  class=\"\">Miles de proyectos nuevos en un solo lugar al alcance de tus manos. NEO te asegura:<\/p><\/div> <\/div> <div  class=\"row spaced-cols \" data-type=\"row\"> <div  class=\"col-xs-6\" data-type=\"column\"> <h5  class=\"\">M\u00c1S PROPIEDADES<\/h5> <p  class=\"\">El portafolio de NEO <span  style=\"font-weight: 700;\">integrado<\/span> en su <span  style=\"font-weight: 700;\">website<\/span> o en una <span  style=\"font-weight: 700;\">landing page gratuita<\/span><\/p><\/div> <div  class=\"col-xs-6\" data-type=\"column\"><h5  class=\"\">INFORMACI\u00d3N RESERVADA<\/h5> <p  class=\"\">Acceso a <span  style=\"font-weight: 700;\">informaci\u00f3n reservada<\/span> para agentes registrados compartida directamente por desarrolladores.<\/p><\/div> <div  class=\"col-xs-6\" data-type=\"column\"><h5  class=\"\">M\u00c1S VENTAS<\/h5> <p  class=\"\">Oportunidad de <span  style=\"font-weight: 700;\">ventas adicionales<\/span> gracias al iFrame.<\/p><\/div> <div  class=\"col-xs-6\" data-type=\"column\"><h5  class=\"\">M\u00c1S REFERIDOS<\/h5> <p  class=\"\">Acceso a referidos <span  style=\"font-weight: 700;\">nacionales e internacionales<\/span><\/p><\/div> <\/div><\/div> <\/div><\/div> <\/div><div  data-label=\"Cta\" data-id=\"cta--1\" data-export-id=\"cta-blue-section\" data-category=\"cta\" class=\"cta-blue-section content-section content-section-spacing-medium bg-color1 white-text fruit_blend\" id=\"cta-1\"><div  class=\"gridContainer\"> <div  class=\"row middle-xs\"><div  class=\"col-sm-8 space-bottom-xs\" data-type=\"column\"> <h2  class=\"\">\u00bfA\u00fan no te has registrado?<\/h2> <\/div> <div  class=\"col-sm-4 end-sm\" data-type=\"column\"> <a class=\"button color-white\" href=\"https:\/\/www.newestateonly.com\/es\/neo-agents-registration\" target=\"_blank\" data-cp-link=\"1\" data-icon=\"\" rel=\"noopener\">REG\u00cdSTRATE AHORA<\/a><\/div> <\/div><\/div> <\/div><div  data-label=\"Features\" data-id=\"features--1\" data-export-id=\"features-12\" data-category=\"features\" class=\"features-12 content-section content-section-spacing\" id=\"features-1\" style=\"background-color: rgb(52, 58, 64); background-image: none;\"><div  class=\"gridContainer\"> <div  class=\"row text-center\"><div  class=\"section-title-col\" data-type=\"column\"> <h2  class=\"\"><span  style=\"color: rgb(255, 152, 0);\">TU SITIO WEB. TUS CONTACTOS. TUS CLIENTES.<\/span><\/h2> <p  class=\"lead\"><span  style=\"color: rgb(255, 255, 255);\">Todos los proyectos de NEO en tu sitio web o Landing page con un solo click, gracias al iFrame.\r\n<br >NEO ha dise\u00f1ado una eficiente soluci\u00f3n con un solo clic para comercializar propiedades y proyectos inmobiliarios a trav\u00e9s de tu p\u00e1gina web. Instala Iframe con un solo clic y selecciona el \u00e1rea que deseas mostrar en tu p\u00e1gina web.<\/span><\/p><\/div> <\/div> <div  class=\"row spaced-cols\" data-type=\"row\"> <div  class=\"col-sm-6\"> <div  class=\"row space-bottom\"> <div  class=\"col-sm-fit icon-column\"> <i  class=\"fa icon fa-address-card-o bordered round color2\"><\/i> <\/div> <div  class=\"col-sm\" data-type=\"column\"> <h5  class=\"color2\">TUS CONTACTOS<\/h5> <p  class=\"\"><span  style=\"color: rgb(255, 255, 255);\">El listado de NEO que muestra solo tus detalles de contacto.<\/span><\/p><\/div> <\/div><\/div> <div  class=\"col-sm-6\"><div  class=\"row space-bottom\"> <div  class=\"col-sm-fit icon-column\"><i  class=\"fa icon fa-pencil-square-o bordered round color2\"><\/i><\/div> <div  class=\"col-sm\" data-type=\"column\"><h5  class=\"color2\">PERSONALIZABLE<\/h5> <p  class=\"\"><span  style=\"color: rgb(255, 255, 255);\">Dise\u00f1o personalizable sin referencia a NEO<\/span><\/p><\/div> <\/div><\/div> <div  class=\"col-sm-6\"><div  class=\"row space-bottom\"> <div  class=\"col-sm-fit icon-column\"><i  class=\"fa icon fa-bolt bordered round color2\"><\/i><\/div> <div  class=\"col-sm\" data-type=\"column\"><h5  class=\"color2\">SIEMPRE ACTUALIZADO<\/h5> <p  class=\"\"><span  style=\"color: rgb(255, 255, 255);\">Actualizaciones 24\/7 que evitan actividades que consumen tiempo<\/span><span  id=\"_mce_caret\" data-mce-bogus=\"1\" data-mce-type=\"format-caret\"><span  style=\"color: rgb(255, 255, 255);\">\ufeff<\/span><\/span><\/p><\/div> <\/div><\/div> <div  class=\"col-sm-6\"><div  class=\"row space-bottom\"> <div  class=\"col-sm-fit icon-column\"><i  class=\"fa icon fa-graduation-cap bordered round color2\"><\/i><\/div> <div  class=\"col-sm\" data-type=\"column\"><h5  class=\"color2\">MULTILENGUAJE<\/h5> <p  class=\"\"><span  style=\"color: rgb(255, 255, 255);\">Herramienta multiling\u00fce.<\/span><\/p><\/div> <\/div><\/div> <div  class=\"col-sm-6\"> <div  class=\"row space-bottom\"> <div  class=\"col-sm-fit icon-column\"> <i  class=\"fa icon fa-check-square-o bordered round color2\"><\/i> <\/div> <div  class=\"col-sm\" data-type=\"column\"> <h5  class=\"color2\">INFORMACI\u00d3N VERIFICADA<\/h5> <p  class=\"\"><span  style=\"color: rgb(255, 255, 255);\">Informaci\u00f3n confiable y verificada para tus clientes.<\/span><\/p><\/div> <\/div><\/div><div  class=\"col-sm-6\"> <div  class=\"row space-bottom\"> <div  class=\"col-sm-fit icon-column\"> <i  class=\"fa icon fa-user-secret bordered round color2\"><\/i> <\/div> <div  class=\"col-sm\" data-type=\"column\"> <h5  class=\"color2\">SEGURIDAD<\/h5> <p  class=\"\"><span  style=\"color: rgb(255, 255, 255);\">Tus leads son s\u00f3lo tuyos, NEO asegura privacidad completa<\/span><\/p><\/div> <\/div><\/div><\/div><\/div> <\/div><div  data-label=\"Cta\" data-id=\"cta--2\" data-export-id=\"cta-centered-bg-section\" data-category=\"cta\" data-section-ov=\"1\" class=\"cta-centered-bg-section content-section content-section-spacing-medium white-text\" data-parallax-depth=\"20\" id=\"cta-2\" style=\"background-color: rgb(255, 255, 255); background-image: url(&quot;https:\/\/agent.newestateonly.com\/wp-content\/uploads\/2024\/05\/59737665-0-florian-schmidinger-1.jpg&quot;); background-size: cover; background-position: center top;\"><div  class=\"gridContainer\"> <div  class=\"row text-center\"><div  data-type=\"column\" class=\"\"> <h2  class=\"\">\u00bfNo tienes una p\u00e1gina web? P\u00e1gina de aterrizaje personalizable y gratuita con el Iframe<br >\u00a1Obt\u00e9n tu iFrame ahora!<\/h2> <a class=\"button color2\" href=\"https:\/\/www.newestateonly.it?page_id=4209&amp;lang=es\" target=\"_blank\" data-cp-link=\"1\" data-icon=\"\" rel=\"noopener\">CLICK AQU\u00cd<\/a><\/div> <\/div><\/div> <\/div><div  data-label=\"Content\" data-id=\"content--2\" data-export-id=\"content-3\" data-category=\"content\" class=\"content-3 content-section content-section-spacing\" id=\"content-1\" style=\"background-color: rgb(245, 250, 253);\"><div > <div  class=\"row middle-xs\"><div  class=\"col-sm-7 full-col-left-padding full-col-right-padding\"> <div  class=\"row\"><div  data-type=\"column\" class=\"space-bottom-small content-title-col\">  <h2  class=\"\">Con NEO recibes las informaciones de los promotores inmobiliarios   antes que los dem\u00e1s<\/h2> <p  class=\"\">NEO es una herramienta que te pone en contacto directo con los promotores inmobiliarios y te da la posibilidad de obtener de antemano una serie de ventajas exclusivas:<\/p><\/div> <\/div> <div  class=\"row spaced-cols\" data-type=\"row\"> <div  class=\"col-xs-6\" data-type=\"column\"> <h5  class=\"\">ESPACIO SENCILLO<\/h5> <p  class=\"\">Compara proyectos, oportunidades en construcci\u00f3n y nuevas propiedades de manera intuitiva<\/p><\/div> <div  class=\"col-xs-6\" data-type=\"column\"><h5  class=\"\">CONEXI\u00d3N DIRECTA<\/h5> <p  class=\"\">Con\u00e9ctate con los promotores inmobiliarios y solicita informaci\u00f3n, descubre las especificaciones y conoce con anticipaci\u00f3n los precios de los proyectos<\/p><\/div> <div  class=\"col-xs-6\" data-type=\"column\"><h5  class=\"\">ESTADO DE LAS OBRAS<\/h5> <p  class=\"\">Monitorea en tiempo real el estado de los trabajos, su disponibilidad y las ventas efectuadas<\/p><\/div> <div  class=\"col-xs-6\" data-type=\"column\"><h5  class=\"\">ACCESO DIRECTO<\/h5> <p  class=\"\">A trav\u00e9s de tu \u00e1rea personal accede directamente a informaci\u00f3n que los promotores inmobiliarios suministran s\u00f3lo a operadores del sector<\/p><\/div> <\/div><\/div> <div  class=\"col-sm-5 bg-image shadow-large-black revert-classes-holder\" data-bg=\"image\" style=\"background-image: url(&quot;https:\/\/agent.newestateonly.com\/wp-content\/uploads\/2024\/05\/cropped-Artboard-33-1920w.png&quot;);\"><\/div><\/div> <\/div><\/div><div  data-label=\"Features\" data-id=\"features--3\" data-export-id=\"features-16\" data-category=\"features\" class=\"features-16 content-section content-section-spacing\" id=\"features-3\" style=\"background-color: rgb(255, 255, 255);\"><div  class=\"gridContainer\"> <div  class=\"row text-center\"><div  class=\"section-title-col\" data-type=\"column\"> <h2  class=\"\">Con NEO consigues nuevos clientes y tienes m\u00e1s para venderles<\/h2> <p  class=\"lead\">NEO es una plataforma que te permite ampliar tu red de negocios en todo el mundo, aumentar tu cartera inmobiliaria y manejar mejor cada cliente:<\/p><\/div> <\/div> <div  class=\"row spaced-cols\" data-type=\"row\"> <div  class=\"col-xs-12 col-sm-6 col-md-4 space-bottom\"> <img  decoding=\"async\" class=\"face\" src=\"https:\/\/agent.newestateonly.com\/wp-content\/uploads\/2024\/05\/ww.jpg\" title=\"ww\" alt=\"\"> <div  data-type=\"column\" class=\"col-padding-small col-padding-small-xs description-container\">  <p  class=\"\">Aprovecha unas cifras constantemente actualizadas y material comercial eficaz para entrar en contacto con los clientes finales<\/p> <\/div> <\/div> <div  class=\"col-xs-12 col-sm-6 col-md-4 space-bottom\"> <img  decoding=\"async\" class=\"face\" src=\"https:\/\/agent.newestateonly.com\/wp-content\/uploads\/2024\/05\/e.jpg\" title=\"e\" alt=\"\"> <div  data-type=\"column\" class=\"col-padding-small col-padding-small-xs description-container\">  <p  class=\"\">Incorpora en tu sitio web una secci\u00f3n Multiling\u00fce para mostrar todas las propiedades disponibles en la plataforma, sin ninguna referencia a NEO; todo se maneja a trav\u00e9s de un plugin (iframe), que actualiza los contenidos autom\u00e1ticamente<\/p> <\/div> <\/div> <div  class=\"col-xs-12 col-sm-6 col-md-4 space-bottom\"> <img  decoding=\"async\" class=\"face\" src=\"https:\/\/agent.newestateonly.com\/wp-content\/uploads\/2024\/05\/o.jpg\" title=\"o\" alt=\"\"> <div  data-type=\"column\" class=\"col-padding-small col-padding-small-xs description-container\">  <p  class=\"\">Prop\u00f3n a tus clientes nuevas compras y oportunidades de inversi\u00f3n<\/p> <\/div> <\/div><\/div> <\/div><\/div><div  data-label=\"Cta\" data-id=\"cta--3\" data-export-id=\"cta-centered-bg-section\" data-category=\"cta\" data-section-ov=\"1\" class=\"cta-centered-bg-section content-section content-section-spacing-medium white-text\" data-parallax-depth=\"20\" id=\"cta-3\" style=\"background-color: rgb(52, 58, 64); background-image: none; background-size: cover; background-position: center top;\"><div  class=\"gridContainer\"> <div  class=\"row text-center\"><div  data-type=\"column\" class=\"\"> <h2  class=\"\">Ninguna otra plataforma o servicio online te ofrece tanto con una \u00fanica suscripci\u00f3n. Preg\u00fantale a tu asociaci\u00f3n si existe alg\u00fan beneficio reservado para ti.<\/h2> <a class=\"button color2\" href=\"https:\/\/www.newestateonly.com\/es\/neo-agents-registration\" target=\"_blank\" data-cp-link=\"1\" data-icon=\"\" rel=\"noopener\">SUSCR\u00cdBETE AHORA<\/a><h2  class=\"\">Con NEO tu red profesional es s\u00f3lida como un ladrillo<\/h2><\/div> <\/div><\/div> <\/div>","protected":false},"excerpt":{"rendered":"<p>Descubre NEO \u2013 New Estate Only La mejor herramienta para que los agentes se conecten con promotores inmobiliarios de los EEUU y con inversionistas\/compradores de vivienda de todo el mundo.Miles de proyectos nuevos en un solo lugar al alcance de tus manos. NEO te asegura: M\u00c1S PROPIEDADES El portafolio de NEO integrado en su website&hellip; <br \/> <a class=\"read-more\" href=\"https:\/\/agent.newestateonly.com\/?page_id=72&#038;lang=es\">Read more<\/a><\/p>\n","protected":false},"author":1,"featured_media":0,"parent":0,"menu_order":0,"comment_status":"closed","ping_status":"closed","template":"pro\/page-templates\/full-width-page.php","meta":{"footnotes":""},"class_list":["post-72","page","type-page","status-publish","hentry"],"yoast_head":"<!-- This site is optimized with the Yoast SEO plugin v27.6 - https:\/\/yoast.com\/product\/yoast-seo-wordpress\/ -->\n<title>New Estate Only para Agentes<\/title>\n<meta name=\"description\" content=\"La plataforma m\u00e1s grande y en constante actualizaci\u00f3n de proyectos en pre- y bajo-construcci\u00f3n en los Estados Unidos\" \/>\n<meta name=\"robots\" content=\"index, follow, max-snippet:-1, max-image-preview:large, max-video-preview:-1\" \/>\n<link rel=\"canonical\" href=\"https:\/\/agent.newestateonly.com\/?page_id=72&lang=es\" \/>\n<meta property=\"og:locale\" content=\"en_US\" \/>\n<meta property=\"og:type\" content=\"article\" \/>\n<meta property=\"og:title\" content=\"New Estate Only para Agentes\" \/>\n<meta property=\"og:description\" content=\"La plataforma m\u00e1s grande y en constante actualizaci\u00f3n de proyectos en pre- y bajo-construcci\u00f3n en los Estados Unidos\" \/>\n<meta property=\"og:url\" content=\"https:\/\/agent.newestateonly.com\/?page_id=72&amp;lang=es\" \/>\n<meta property=\"og:site_name\" content=\"NEO for agents\" \/>\n<meta property=\"article:publisher\" content=\"https:\/\/www.facebook.com\/newestateonly\/\" \/>\n<meta property=\"article:modified_time\" content=\"2024-06-03T19:01:16+00:00\" \/>\n<meta property=\"og:image\" content=\"https:\/\/agent.newestateonly.com\/wp-content\/uploads\/2024\/05\/ww.jpg\" \/>\n<meta name=\"twitter:card\" content=\"summary_large_image\" \/>\n<meta name=\"twitter:label1\" content=\"Est. reading time\" \/>\n\t<meta name=\"twitter:data1\" content=\"3 minutes\" \/>\n<script type=\"application\/ld+json\" class=\"yoast-schema-graph\">{\"@context\":\"https:\\\/\\\/schema.org\",\"@graph\":[{\"@type\":\"WebPage\",\"@id\":\"https:\\\/\\\/agent.newestateonly.com\\\/?page_id=72&lang=es\",\"url\":\"https:\\\/\\\/agent.newestateonly.com\\\/?page_id=72&lang=es\",\"name\":\"New Estate Only para Agentes\",\"isPartOf\":{\"@id\":\"https:\\\/\\\/agent.newestateonly.com\\\/#website\"},\"primaryImageOfPage\":{\"@id\":\"https:\\\/\\\/agent.newestateonly.com\\\/?page_id=72&lang=es#primaryimage\"},\"image\":{\"@id\":\"https:\\\/\\\/agent.newestateonly.com\\\/?page_id=72&lang=es#primaryimage\"},\"thumbnailUrl\":\"https:\\\/\\\/agent.newestateonly.com\\\/wp-content\\\/uploads\\\/2024\\\/05\\\/ww.jpg\",\"datePublished\":\"2024-05-30T07:59:07+00:00\",\"dateModified\":\"2024-06-03T19:01:16+00:00\",\"description\":\"La plataforma m\u00e1s grande y en constante actualizaci\u00f3n de proyectos en pre- y bajo-construcci\u00f3n en los Estados Unidos\",\"breadcrumb\":{\"@id\":\"https:\\\/\\\/agent.newestateonly.com\\\/?page_id=72&lang=es#breadcrumb\"},\"inLanguage\":\"en-US\",\"potentialAction\":[{\"@type\":\"ReadAction\",\"target\":[\"https:\\\/\\\/agent.newestateonly.com\\\/?page_id=72&lang=es\"]}]},{\"@type\":\"ImageObject\",\"inLanguage\":\"en-US\",\"@id\":\"https:\\\/\\\/agent.newestateonly.com\\\/?page_id=72&lang=es#primaryimage\",\"url\":\"https:\\\/\\\/agent.newestateonly.com\\\/wp-content\\\/uploads\\\/2024\\\/05\\\/ww.jpg\",\"contentUrl\":\"https:\\\/\\\/agent.newestateonly.com\\\/wp-content\\\/uploads\\\/2024\\\/05\\\/ww.jpg\",\"width\":441,\"height\":322},{\"@type\":\"BreadcrumbList\",\"@id\":\"https:\\\/\\\/agent.newestateonly.com\\\/?page_id=72&lang=es#breadcrumb\",\"itemListElement\":[{\"@type\":\"ListItem\",\"position\":1,\"name\":\"Home\",\"item\":\"https:\\\/\\\/agent.newestateonly.com\\\/\"},{\"@type\":\"ListItem\",\"position\":2,\"name\":\"ES &#8211; NEO para agentes\"}]},{\"@type\":\"WebSite\",\"@id\":\"https:\\\/\\\/agent.newestateonly.com\\\/#website\",\"url\":\"https:\\\/\\\/agent.newestateonly.com\\\/\",\"name\":\"NEO for Agents\",\"description\":\"\",\"publisher\":{\"@id\":\"https:\\\/\\\/agent.newestateonly.com\\\/#organization\"},\"potentialAction\":[{\"@type\":\"SearchAction\",\"target\":{\"@type\":\"EntryPoint\",\"urlTemplate\":\"https:\\\/\\\/agent.newestateonly.com\\\/?s={search_term_string}\"},\"query-input\":{\"@type\":\"PropertyValueSpecification\",\"valueRequired\":true,\"valueName\":\"search_term_string\"}}],\"inLanguage\":\"en-US\"},{\"@type\":\"Organization\",\"@id\":\"https:\\\/\\\/agent.newestateonly.com\\\/#organization\",\"name\":\"New Estate Only\",\"url\":\"https:\\\/\\\/agent.newestateonly.com\\\/\",\"logo\":{\"@type\":\"ImageObject\",\"inLanguage\":\"en-US\",\"@id\":\"https:\\\/\\\/agent.newestateonly.com\\\/#\\\/schema\\\/logo\\\/image\\\/\",\"url\":\"https:\\\/\\\/agent.newestateonly.com\\\/wp-content\\\/uploads\\\/2024\\\/05\\\/NEO-no-background-White-letter-3.png\",\"contentUrl\":\"https:\\\/\\\/agent.newestateonly.com\\\/wp-content\\\/uploads\\\/2024\\\/05\\\/NEO-no-background-White-letter-3.png\",\"width\":300,\"height\":142,\"caption\":\"New Estate Only\"},\"image\":{\"@id\":\"https:\\\/\\\/agent.newestateonly.com\\\/#\\\/schema\\\/logo\\\/image\\\/\"},\"sameAs\":[\"https:\\\/\\\/www.facebook.com\\\/newestateonly\\\/\",\"https:\\\/\\\/www.instagram.com\\\/neo_new_estate_only\\\/\",\"https:\\\/\\\/www.linkedin.com\\\/company\\\/neo-new-estate-only\\\/\"]}]}<\/script>\n<!-- \/ Yoast SEO plugin. -->","yoast_head_json":{"title":"New Estate Only para Agentes","description":"La plataforma m\u00e1s grande y en constante actualizaci\u00f3n de proyectos en pre- y bajo-construcci\u00f3n en los Estados Unidos","robots":{"index":"index","follow":"follow","max-snippet":"max-snippet:-1","max-image-preview":"max-image-preview:large","max-video-preview":"max-video-preview:-1"},"canonical":"https:\/\/agent.newestateonly.com\/?page_id=72&lang=es","og_locale":"en_US","og_type":"article","og_title":"New Estate Only para Agentes","og_description":"La plataforma m\u00e1s grande y en constante actualizaci\u00f3n de proyectos en pre- y bajo-construcci\u00f3n en los Estados Unidos","og_url":"https:\/\/agent.newestateonly.com\/?page_id=72&lang=es","og_site_name":"NEO for agents","article_publisher":"https:\/\/www.facebook.com\/newestateonly\/","article_modified_time":"2024-06-03T19:01:16+00:00","og_image":[{"url":"https:\/\/agent.newestateonly.com\/wp-content\/uploads\/2024\/05\/ww.jpg","type":"","width":"","height":""}],"twitter_card":"summary_large_image","twitter_misc":{"Est. reading time":"3 minutes"},"schema":{"@context":"https:\/\/schema.org","@graph":[{"@type":"WebPage","@id":"https:\/\/agent.newestateonly.com\/?page_id=72&lang=es","url":"https:\/\/agent.newestateonly.com\/?page_id=72&lang=es","name":"New Estate Only para Agentes","isPartOf":{"@id":"https:\/\/agent.newestateonly.com\/#website"},"primaryImageOfPage":{"@id":"https:\/\/agent.newestateonly.com\/?page_id=72&lang=es#primaryimage"},"image":{"@id":"https:\/\/agent.newestateonly.com\/?page_id=72&lang=es#primaryimage"},"thumbnailUrl":"https:\/\/agent.newestateonly.com\/wp-content\/uploads\/2024\/05\/ww.jpg","datePublished":"2024-05-30T07:59:07+00:00","dateModified":"2024-06-03T19:01:16+00:00","description":"La plataforma m\u00e1s grande y en constante actualizaci\u00f3n de proyectos en pre- y bajo-construcci\u00f3n en los Estados Unidos","breadcrumb":{"@id":"https:\/\/agent.newestateonly.com\/?page_id=72&lang=es#breadcrumb"},"inLanguage":"en-US","potentialAction":[{"@type":"ReadAction","target":["https:\/\/agent.newestateonly.com\/?page_id=72&lang=es"]}]},{"@type":"ImageObject","inLanguage":"en-US","@id":"https:\/\/agent.newestateonly.com\/?page_id=72&lang=es#primaryimage","url":"https:\/\/agent.newestateonly.com\/wp-content\/uploads\/2024\/05\/ww.jpg","contentUrl":"https:\/\/agent.newestateonly.com\/wp-content\/uploads\/2024\/05\/ww.jpg","width":441,"height":322},{"@type":"BreadcrumbList","@id":"https:\/\/agent.newestateonly.com\/?page_id=72&lang=es#breadcrumb","itemListElement":[{"@type":"ListItem","position":1,"name":"Home","item":"https:\/\/agent.newestateonly.com\/"},{"@type":"ListItem","position":2,"name":"ES &#8211; NEO para agentes"}]},{"@type":"WebSite","@id":"https:\/\/agent.newestateonly.com\/#website","url":"https:\/\/agent.newestateonly.com\/","name":"NEO for Agents","description":"","publisher":{"@id":"https:\/\/agent.newestateonly.com\/#organization"},"potentialAction":[{"@type":"SearchAction","target":{"@type":"EntryPoint","urlTemplate":"https:\/\/agent.newestateonly.com\/?s={search_term_string}"},"query-input":{"@type":"PropertyValueSpecification","valueRequired":true,"valueName":"search_term_string"}}],"inLanguage":"en-US"},{"@type":"Organization","@id":"https:\/\/agent.newestateonly.com\/#organization","name":"New Estate Only","url":"https:\/\/agent.newestateonly.com\/","logo":{"@type":"ImageObject","inLanguage":"en-US","@id":"https:\/\/agent.newestateonly.com\/#\/schema\/logo\/image\/","url":"https:\/\/agent.newestateonly.com\/wp-content\/uploads\/2024\/05\/NEO-no-background-White-letter-3.png","contentUrl":"https:\/\/agent.newestateonly.com\/wp-content\/uploads\/2024\/05\/NEO-no-background-White-letter-3.png","width":300,"height":142,"caption":"New Estate Only"},"image":{"@id":"https:\/\/agent.newestateonly.com\/#\/schema\/logo\/image\/"},"sameAs":["https:\/\/www.facebook.com\/newestateonly\/","https:\/\/www.instagram.com\/neo_new_estate_only\/","https:\/\/www.linkedin.com\/company\/neo-new-estate-only\/"]}]}},"_links":{"self":[{"href":"https:\/\/agent.newestateonly.com\/index.php?rest_route=\/wp\/v2\/pages\/72","targetHints":{"allow":["GET"]}}],"collection":[{"href":"https:\/\/agent.newestateonly.com\/index.php?rest_route=\/wp\/v2\/pages"}],"about":[{"href":"https:\/\/agent.newestateonly.com\/index.php?rest_route=\/wp\/v2\/types\/page"}],"author":[{"embeddable":true,"href":"https:\/\/agent.newestateonly.com\/index.php?rest_route=\/wp\/v2\/users\/1"}],"replies":[{"embeddable":true,"href":"https:\/\/agent.newestateonly.com\/index.php?rest_route=%2Fwp%2Fv2%2Fcomments&post=72"}],"version-history":[{"count":15,"href":"https:\/\/agent.newestateonly.com\/index.php?rest_route=\/wp\/v2\/pages\/72\/revisions"}],"predecessor-version":[{"id":167,"href":"https:\/\/agent.newestateonly.com\/index.php?rest_route=\/wp\/v2\/pages\/72\/revisions\/167"}],"wp:attachment":[{"href":"https:\/\/agent.newestateonly.com\/index.php?rest_route=%2Fwp%2Fv2%2Fmedia&parent=72"}],"curies":[{"name":"wp","href":"https:\/\/api.w.org\/{rel}","templated":true}]}}